{"id":1221,"date":"2026-01-09T13:43:00","date_gmt":"2026-01-09T12:43:00","guid":{"rendered":"https:\/\/deiptv.online\/?page_id=1221"},"modified":"2026-01-09T13:51:40","modified_gmt":"2026-01-09T12:51:40","slug":"rueckerstattungs-und-rueckgabebestimmungen","status":"publish","type":"page","link":"https:\/\/deiptv.online\/rueckerstattungs-und-rueckgabebestimmungen\/","title":{"rendered":"R\u00fcckerstattungs- und R\u00fcckgabebestimmungen"},"content":{"rendered":"<style>.elementor-1221 .elementor-element.elementor-element-d333260{--display:flex;--flex-direction:row;--container-widget-width:initial;--container-widget-height:100%;--container-widget-flex-grow:1;--container-widget-align-self:stretch;--flex-wrap-mobile:wrap;--margin-top:0px;--margin-bottom:30px;--margin-left:0px;--margin-right:0px;--padding-top:0px;--padding-bottom:0px;--padding-left:30px;--padding-right:30px;}.elementor-1221 .elementor-element.elementor-element-aca1419{--display:flex;--align-items:center;--container-widget-width:calc( ( 1 - var( --container-widget-flex-grow ) ) * 100% );--gap:120px 0px;--row-gap:120px;--column-gap:0px;--overflow:hidden;--overlay-opacity:0.3;border-style:solid;--border-style:solid;border-width:1px 1px 1px 1px;--border-top-width:1px;--border-right-width:1px;--border-bottom-width:1px;--border-left-width:1px;border-color:var( --e-global-color-bcf4dba );--border-color:var( --e-global-color-bcf4dba );--border-radius:25px 25px 25px 25px;--padding-top:0px;--padding-bottom:0px;--padding-left:0px;--padding-right:0px;}.elementor-1221 .elementor-element.elementor-element-aca1419:not(.elementor-motion-effects-element-type-background), .elementor-1221 .elementor-element.elementor-element-aca1419 > .elementor-motion-effects-container > .elementor-motion-effects-layer{background-color:transparent;background-image:radial-gradient(at top left, var( --e-global-color-bcf4dba ) 0%, var( --e-global-color-147d839 ) 50%);}.elementor-1221 .elementor-element.elementor-element-aca1419::before, .elementor-1221 .elementor-element.elementor-element-aca1419 > .elementor-background-video-container::before, .elementor-1221 .elementor-element.elementor-element-aca1419 > .e-con-inner > .elementor-background-video-container::before, .elementor-1221 .elementor-element.elementor-element-aca1419 > .elementor-background-slideshow::before, .elementor-1221 .elementor-element.elementor-element-aca1419 > .e-con-inner > .elementor-background-slideshow::before, .elementor-1221 .elementor-element.elementor-element-aca1419 > .elementor-motion-effects-container > .elementor-motion-effects-layer::before{--background-overlay:'';background-image:url(\"https:\/\/deiptv.online\/wp-content\/uploads\/2025\/11\/regular-square-grids-4AL3FJ8.png\");background-position:center center;background-repeat:no-repeat;background-size:cover;}.elementor-1221 .elementor-element.elementor-element-39917a8{--display:flex;--align-items:center;--container-widget-width:calc( ( 1 - var( --container-widget-flex-grow ) ) * 100% );--gap:120px 0px;--row-gap:120px;--column-gap:0px;--overlay-opacity:0.2;--padding-top:100px;--padding-bottom:100px;--padding-left:20px;--padding-right:20px;}.elementor-1221 .elementor-element.elementor-element-39917a8::before, .elementor-1221 .elementor-element.elementor-element-39917a8 > .elementor-background-video-container::before, .elementor-1221 .elementor-element.elementor-element-39917a8 > .e-con-inner > .elementor-background-video-container::before, .elementor-1221 .elementor-element.elementor-element-39917a8 > .elementor-background-slideshow::before, .elementor-1221 .elementor-element.elementor-element-39917a8 > .e-con-inner > .elementor-background-slideshow::before, .elementor-1221 .elementor-element.elementor-element-39917a8 > .elementor-motion-effects-container > .elementor-motion-effects-layer::before{--background-overlay:'';background-color:transparent;background-image:radial-gradient(at bottom center, var( --e-global-color-e850821 ) 0%, var( --e-global-color-b9ab9b6 ) 50%);}.elementor-1221 .elementor-element.elementor-element-d678c48{--display:flex;}.elementor-1221 .elementor-element.elementor-element-c565f45{text-align:center;}.elementor-1221 .elementor-element.elementor-element-270f546{text-align:center;}.elementor-1221 .elementor-element.elementor-element-270f546 p{margin-block-end:0px;}.elementor-1221 .elementor-element.elementor-element-b344639{--display:flex;--overflow:hidden;}:root{--page-title-display:none;}@media(max-width:1024px){.elementor-1221 .elementor-element.elementor-element-d333260{--padding-top:0px;--padding-bottom:0px;--padding-left:20px;--padding-right:20px;}}@media(max-width:767px){.elementor-1221 .elementor-element.elementor-element-39917a8{--padding-top:50px;--padding-bottom:50px;--padding-left:20px;--padding-right:20px;}.elementor-1221 .elementor-element.elementor-element-b344639{--content-width:100%;}.elementor-1221 .elementor-element.elementor-element-b25642b{padding:2% 0% 15% 2%;}}<\/style>\t\t<div data-elementor-type=\"wp-page\" data-elementor-id=\"1221\" class=\"elementor elementor-1221\" data-elementor-post-type=\"page\">\n\t\t\t\t<div class=\"elementor-element elementor-element-d333260 e-con-full e-flex e-con e-parent\" data-id=\"d333260\" data-element_type=\"container\" data-e-type=\"container\">\n\t\t<div class=\"elementor-element elementor-element-aca1419 e-con-full e-flex e-con e-child\" data-id=\"aca1419\" data-element_type=\"container\" data-e-type=\"container\" data-settings=\"{&quot;background_background&quot;:&quot;gradient&quot;}\">\n\t\t<div class=\"elementor-element elementor-element-39917a8 e-con-full e-flex e-con e-child\" data-id=\"39917a8\" data-element_type=\"container\" data-e-type=\"container\">\n\t\t<div class=\"elementor-element elementor-element-d678c48 e-con-full e-flex e-con e-child\" data-id=\"d678c48\" data-element_type=\"container\" data-e-type=\"container\">\n\t\t\t\t<div class=\"elementor-element elementor-element-c565f45 elementor-widget elementor-widget-heading\" data-id=\"c565f45\" data-element_type=\"widget\" data-e-type=\"widget\" data-widget_type=\"heading.default\">\n\t\t\t\t\t<h1 class=\"elementor-heading-title elementor-size-default\">R\u00fcckerstattungs- und R\u00fcckgabebestimmungen<\/h1>\t\t\t\t<\/div>\n\t\t\t\t<div class=\"elementor-element elementor-element-270f546 elementor-widget elementor-widget-text-editor\" data-id=\"270f546\" data-element_type=\"widget\" data-e-type=\"widget\" data-widget_type=\"text-editor.default\">\n\t\t\t\t\t\t\t\t\t<p><a href=\"\/en\/\">Heim<\/a> \/ R\u00fcckerstattungs- und R\u00fcckgabebestimmungen<\/p>\t\t\t\t\t\t\t\t<\/div>\n\t\t\t\t<\/div>\n\t\t\t\t<\/div>\n\t\t\t\t<\/div>\n\t\t\t\t<\/div>\n\t\t<div class=\"elementor-element elementor-element-b344639 e-flex e-con-boxed e-con e-parent\" data-id=\"b344639\" data-element_type=\"container\" data-e-type=\"container\">\n\t\t\t\t\t<div class=\"e-con-inner\">\n\t\t\t\t<div class=\"elementor-element elementor-element-b25642b elementor-widget elementor-widget-text-editor\" data-id=\"b25642b\" data-element_type=\"widget\" data-e-type=\"widget\" data-widget_type=\"text-editor.default\">\n\t\t\t\t\t\t\t\t\t<div class=\"ff-el-group ff-custom_html\" data-name=\"custom_html-9_18\"><div class=\"ff-el-group ff-custom_html\" data-name=\"custom_html-9_18\"><h4 style=\"text-align: center;\">R\u00fcckerstattungs- und R\u00fcckgabebestimmungen<\/h4><\/div><div class=\"ff-el-group ff-custom_html\" data-name=\"custom_html-9_19\"><p>Vielen Dank f\u00fcr Ihren Einkauf bei <a href=\"https:\/\/deiptv.online\/en\/\"><strong>https:\/\/deiptv.online\/<\/strong><\/a><\/p><p>Sollten Sie aus irgendeinem Grund mit Ihrem Kauf nicht vollst\u00e4ndig zufrieden sein, lesen Sie bitte unsere Richtlinien.<\/p><p>Die folgenden Gesch\u00e4ftsbedingungen gelten f\u00fcr alle bei uns gekauften Produkte.<\/p><\/div><div class=\"ff-el-group ff-custom_html\" data-name=\"custom_html-9_20\"><h4>Interpretation und Definitionen<\/h4><h5>Interpretation<\/h5><p>W\u00f6rter, die mit einem Gro\u00dfbuchstaben beginnen, haben unter den folgenden Bedingungen eine bestimmte Bedeutung. Die folgenden Definitionen gelten unabh\u00e4ngig davon, ob die W\u00f6rter im Singular oder Plural verwendet werden.<\/p><h4>Definitionen<\/h4><p>Im Sinne dieser R\u00fcckgabe- und Umtauschrichtlinie gelten folgende Definitionen:<\/p><p>\u201eWaren\u201c bezeichnet die auf der Website zum Verkauf angebotenen Artikel.<\/p><p>\u201eBestellungen\u201c bezeichnet Ihre Anfrage zum Kauf von Waren bei uns.<\/p><p>\u201eWebsite\u201c bezeichnet die Website.<\/p><p>\u201eWebsite\u201c bezeichnet \u201eMeine Website\u201c, erreichbar unter: <strong><a href=\"https:\/\/deiptv.online\/en\/\">https:\/\/deiptv.online\/<\/a><\/strong><\/p><p>Mit \u201eSie\u201c ist die Person gemeint, die auf den Dienst zugreift oder ihn nutzt, oder gegebenenfalls das Unternehmen oder eine andere juristische Person, in deren Namen diese Person auf den Dienst zugreift oder ihn nutzt.<\/p><\/div><div class=\"ff-el-group ff-custom_html has-conditions ff_cond_v\" data-name=\"custom_html-9_26\"><h2>\u00a0<\/h2><h4>ALLGEMEINE R\u00dcCKGABERICHTLINIEN<\/h4><\/div><div class=\"ff-el-group ff-custom_html has-conditions ff_cond_v\" data-name=\"custom_html-9_39\"><p>In Ladengesch\u00e4ften gekaufte Produkte k\u00f6nnen nicht zur\u00fcckgegeben werden. Alle Artikel k\u00f6nnen zur\u00fcckgegeben werden, sofern die Bedingungen erf\u00fcllt sind.<\/p><p>Bitte beachten Sie bei der R\u00fccksendung die Versandhinweise:<\/p><p>Wir bitten unsere Kunden, Artikel zur\u00fcckzusenden.<\/p><\/div><div class=\"ff-el-group ff-custom_html has-conditions ff_cond_v\" data-name=\"custom_html-9_43\"><h4>R\u00dcCKERSTATTUNGSRICHTLINIE<\/h4><\/div><div class=\"ff-el-group ff-custom_html has-conditions ff_cond_v\" data-name=\"custom_html-9_44\"><p>Um eine R\u00fcckerstattung zu erhalten, m\u00fcssen Sie das Produkt innerhalb von 30 Tagen nach dem Kauf zur\u00fccksenden. Bei Besch\u00e4digung des Produkts oder wenn Sie die R\u00fccksendung nach Ablauf dieser Frist veranlasst haben, besteht kein Anspruch auf R\u00fcckerstattung.<\/p><p>F\u00fcr eine R\u00fcckerstattung m\u00fcssen folgende Bedingungen erf\u00fcllt sein:<\/p><\/div><div class=\"ff-el-group ff-custom_html has-conditions ff_cond_v\" data-name=\"custom_html-9_55\"><ul><li><strong>Das Produkt wurde weder benutzt noch besch\u00e4digt.<\/strong><\/li><li><strong>Das Produkt muss die Originaletiketten enthalten (sofern zutreffend).<\/strong><\/li><\/ul><\/div><div class=\"ff-el-group ff-custom_html has-conditions ff_cond_v\" data-name=\"custom_html-9_71\"><p>Nach Erhalt Ihres Produkts pr\u00fcft unser Expertenteam dieses und veranlasst Ihre R\u00fcckerstattung. Der Betrag wird auf Ihr Bankkonto zur\u00fcckerstattet. Folgende Informationen werden ben\u00f6tigt:<\/p><p><strong>Vollst\u00e4ndiger Name und IBAN-Nummer<\/strong><\/p><\/div><div class=\"ff-el-group ff-custom_html has-conditions ff_cond_v\" data-name=\"custom_html-9_133\"><h4>SO L\u00d6SEN SIE EINE R\u00dcCKGABE EIN<\/h4><p>Wenn Sie eine R\u00fcckgabe, R\u00fcckerstattung oder einen Umtausch beantragen m\u00f6chten oder weitere Fragen haben, z\u00f6gern Sie bitte nicht, uns \u00fcber folgende Kontaktdaten zu kontaktieren:<\/p><\/div><div class=\"ff-el-group ff-custom_html has-conditions ff_cond_v\" data-name=\"custom_html-9_142\"><ul><li>E-mail : <strong><a href=\"mailto:contact@deiptv.online\">contact@deiptv.online<\/a><\/strong><\/li><\/ul><\/div><div class=\"ff-el-group ff-custom_html has-conditions ff_cond_v\" data-name=\"custom_html-9_150\"><p>Sie werden per E-Mail \u00fcber den Status Ihrer R\u00fccksendung informiert, sofern Sie uns Ihre Kontaktdaten mitgeteilt haben.<\/p><\/div><\/div>\t\t\t\t\t\t\t\t<\/div>\n\t\t\t\t\t<\/div>\n\t\t\t\t<\/div>\n\t\t\t\t<\/div>","protected":false},"excerpt":{"rendered":"<p>R\u00fcckerstattungs- und R\u00fcckgabebestimmungen Heim \/ R\u00fcckerstattungs- und R\u00fcckgabebestimmungen R\u00fcckerstattungs- und R\u00fcckgabebestimmungen Vielen Dank f\u00fcr Ihren Einkauf bei https:\/\/deiptv.online\/ Sollten Sie aus irgendeinem Grund mit Ihrem Kauf nicht vollst\u00e4ndig zufrieden sein, lesen Sie bitte unsere Richtlinien. Die folgenden Gesch\u00e4ftsbedingungen gelten f\u00fcr alle bei uns gekauften Produkte. Interpretation und Definitionen Interpretation W\u00f6rter, die mit einem Gro\u00dfbuchstaben beginnen, [&hellip;]<\/p>\n","protected":false},"author":1,"featured_media":0,"parent":0,"menu_order":0,"comment_status":"closed","ping_status":"closed","template":"","meta":{"_monsterinsights_skip_tracking":false,"_monsterinsights_sitenote_active":false,"_monsterinsights_sitenote_note":"","_monsterinsights_sitenote_category":0,"footnotes":""},"class_list":["post-1221","page","type-page","status-publish","hentry"],"_links":{"self":[{"href":"https:\/\/deiptv.online\/en\/wp-json\/wp\/v2\/pages\/1221","targetHints":{"allow":["GET"]}}],"collection":[{"href":"https:\/\/deiptv.online\/en\/wp-json\/wp\/v2\/pages"}],"about":[{"href":"https:\/\/deiptv.online\/en\/wp-json\/wp\/v2\/types\/page"}],"author":[{"embeddable":true,"href":"https:\/\/deiptv.online\/en\/wp-json\/wp\/v2\/users\/1"}],"replies":[{"embeddable":true,"href":"https:\/\/deiptv.online\/en\/wp-json\/wp\/v2\/comments?post=1221"}],"version-history":[{"count":7,"href":"https:\/\/deiptv.online\/en\/wp-json\/wp\/v2\/pages\/1221\/revisions"}],"predecessor-version":[{"id":1229,"href":"https:\/\/deiptv.online\/en\/wp-json\/wp\/v2\/pages\/1221\/revisions\/1229"}],"wp:attachment":[{"href":"https:\/\/deiptv.online\/en\/wp-json\/wp\/v2\/media?parent=1221"}],"curies":[{"name":"wp","href":"https:\/\/api.w.org\/{rel}","templated":true}]}}