{"id":1230,"date":"2026-01-09T13:52:55","date_gmt":"2026-01-09T12:52:55","guid":{"rendered":"https:\/\/deiptv.online\/?page_id=1230"},"modified":"2026-01-09T14:04:08","modified_gmt":"2026-01-09T13:04:08","slug":"cookie-richtlinie","status":"publish","type":"page","link":"https:\/\/deiptv.online\/cookie-richtlinie\/","title":{"rendered":"Cookie-Richtlinie"},"content":{"rendered":"<style>.elementor-1230 .elementor-element.elementor-element-894976e{--display:flex;--flex-direction:row;--container-widget-width:initial;--container-widget-height:100%;--container-widget-flex-grow:1;--container-widget-align-self:stretch;--flex-wrap-mobile:wrap;--margin-top:0px;--margin-bottom:30px;--margin-left:0px;--margin-right:0px;--padding-top:0px;--padding-bottom:0px;--padding-left:30px;--padding-right:30px;}.elementor-1230 .elementor-element.elementor-element-75cabbb{--display:flex;--align-items:center;--container-widget-width:calc( ( 1 - var( --container-widget-flex-grow ) ) * 100% );--gap:120px 0px;--row-gap:120px;--column-gap:0px;--overflow:hidden;--overlay-opacity:0.3;border-style:solid;--border-style:solid;border-width:1px 1px 1px 1px;--border-top-width:1px;--border-right-width:1px;--border-bottom-width:1px;--border-left-width:1px;border-color:var( --e-global-color-bcf4dba );--border-color:var( --e-global-color-bcf4dba );--border-radius:25px 25px 25px 25px;--padding-top:0px;--padding-bottom:0px;--padding-left:0px;--padding-right:0px;}.elementor-1230 .elementor-element.elementor-element-75cabbb:not(.elementor-motion-effects-element-type-background), .elementor-1230 .elementor-element.elementor-element-75cabbb > .elementor-motion-effects-container > .elementor-motion-effects-layer{background-color:transparent;background-image:radial-gradient(at top left, var( --e-global-color-bcf4dba ) 0%, var( --e-global-color-147d839 ) 50%);}.elementor-1230 .elementor-element.elementor-element-75cabbb::before, .elementor-1230 .elementor-element.elementor-element-75cabbb > .elementor-background-video-container::before, .elementor-1230 .elementor-element.elementor-element-75cabbb > .e-con-inner > .elementor-background-video-container::before, .elementor-1230 .elementor-element.elementor-element-75cabbb > .elementor-background-slideshow::before, .elementor-1230 .elementor-element.elementor-element-75cabbb > .e-con-inner > .elementor-background-slideshow::before, .elementor-1230 .elementor-element.elementor-element-75cabbb > .elementor-motion-effects-container > .elementor-motion-effects-layer::before{--background-overlay:'';background-image:url(\"https:\/\/deiptv.online\/wp-content\/uploads\/2025\/11\/regular-square-grids-4AL3FJ8.png\");background-position:center center;background-repeat:no-repeat;background-size:cover;}.elementor-1230 .elementor-element.elementor-element-bc2d9c8{--display:flex;--align-items:center;--container-widget-width:calc( ( 1 - var( --container-widget-flex-grow ) ) * 100% );--gap:120px 0px;--row-gap:120px;--column-gap:0px;--overlay-opacity:0.2;--padding-top:100px;--padding-bottom:100px;--padding-left:20px;--padding-right:20px;}.elementor-1230 .elementor-element.elementor-element-bc2d9c8::before, .elementor-1230 .elementor-element.elementor-element-bc2d9c8 > .elementor-background-video-container::before, .elementor-1230 .elementor-element.elementor-element-bc2d9c8 > .e-con-inner > .elementor-background-video-container::before, .elementor-1230 .elementor-element.elementor-element-bc2d9c8 > .elementor-background-slideshow::before, .elementor-1230 .elementor-element.elementor-element-bc2d9c8 > .e-con-inner > .elementor-background-slideshow::before, .elementor-1230 .elementor-element.elementor-element-bc2d9c8 > .elementor-motion-effects-container > .elementor-motion-effects-layer::before{--background-overlay:'';background-color:transparent;background-image:radial-gradient(at bottom center, var( --e-global-color-e850821 ) 0%, var( --e-global-color-b9ab9b6 ) 50%);}.elementor-1230 .elementor-element.elementor-element-998ae8a{--display:flex;}.elementor-1230 .elementor-element.elementor-element-2e4fca1{text-align:center;}.elementor-1230 .elementor-element.elementor-element-b9d8501{text-align:center;}.elementor-1230 .elementor-element.elementor-element-b9d8501 p{margin-block-end:0px;}.elementor-1230 .elementor-element.elementor-element-cdbbda3{--display:flex;--overflow:hidden;}:root{--page-title-display:none;}@media(max-width:1024px){.elementor-1230 .elementor-element.elementor-element-894976e{--padding-top:0px;--padding-bottom:0px;--padding-left:20px;--padding-right:20px;}}@media(max-width:767px){.elementor-1230 .elementor-element.elementor-element-bc2d9c8{--padding-top:50px;--padding-bottom:50px;--padding-left:20px;--padding-right:20px;}.elementor-1230 .elementor-element.elementor-element-cdbbda3{--content-width:100%;}.elementor-1230 .elementor-element.elementor-element-dae40cf{padding:2% 0% 15% 2%;}}<\/style>\t\t<div data-elementor-type=\"wp-page\" data-elementor-id=\"1230\" class=\"elementor elementor-1230\" data-elementor-post-type=\"page\">\n\t\t\t\t<div class=\"elementor-element elementor-element-894976e e-con-full e-flex e-con e-parent\" data-id=\"894976e\" data-element_type=\"container\" data-e-type=\"container\">\n\t\t<div class=\"elementor-element elementor-element-75cabbb e-con-full e-flex e-con e-child\" data-id=\"75cabbb\" data-element_type=\"container\" data-e-type=\"container\" data-settings=\"{&quot;background_background&quot;:&quot;gradient&quot;}\">\n\t\t<div class=\"elementor-element elementor-element-bc2d9c8 e-con-full e-flex e-con e-child\" data-id=\"bc2d9c8\" data-element_type=\"container\" data-e-type=\"container\">\n\t\t<div class=\"elementor-element elementor-element-998ae8a e-con-full e-flex e-con e-child\" data-id=\"998ae8a\" data-element_type=\"container\" data-e-type=\"container\">\n\t\t\t\t<div class=\"elementor-element elementor-element-2e4fca1 elementor-widget elementor-widget-heading\" data-id=\"2e4fca1\" data-element_type=\"widget\" data-e-type=\"widget\" data-widget_type=\"heading.default\">\n\t\t\t\t\t<h1 class=\"elementor-heading-title elementor-size-default\">Cookie-Richtlinie<\/h1>\t\t\t\t<\/div>\n\t\t\t\t<div class=\"elementor-element elementor-element-b9d8501 elementor-widget elementor-widget-text-editor\" data-id=\"b9d8501\" data-element_type=\"widget\" data-e-type=\"widget\" data-widget_type=\"text-editor.default\">\n\t\t\t\t\t\t\t\t\t<p><a href=\"\/en\/\">Heim<\/a> \/ Cookie-Richtlinie<\/p>\t\t\t\t\t\t\t\t<\/div>\n\t\t\t\t<\/div>\n\t\t\t\t<\/div>\n\t\t\t\t<\/div>\n\t\t\t\t<\/div>\n\t\t<div class=\"elementor-element elementor-element-cdbbda3 e-flex e-con-boxed e-con e-parent\" data-id=\"cdbbda3\" data-element_type=\"container\" data-e-type=\"container\">\n\t\t\t\t\t<div class=\"e-con-inner\">\n\t\t\t\t<div class=\"elementor-element elementor-element-dae40cf elementor-widget elementor-widget-text-editor\" data-id=\"dae40cf\" data-element_type=\"widget\" data-e-type=\"widget\" data-widget_type=\"text-editor.default\">\n\t\t\t\t\t\t\t\t\t<h4 style=\"text-align: center;\"><strong>Cookie-Richtlinie<\/strong><\/h4><p>Diese Cookie-Richtlinie erkl\u00e4rt, was Cookies sind und wie wir sie verwenden. Bitte lesen Sie diese Richtlinie, um zu verstehen, welche Arten von Cookies wir verwenden, welche Informationen wir mithilfe von Cookies sammeln und wie diese Informationen verwendet werden.<\/p><p>Cookies enthalten in der Regel keine Informationen, die einen Nutzer pers\u00f6nlich identifizieren. Die von uns \u00fcber Sie gespeicherten personenbezogenen Daten k\u00f6nnen jedoch mit den in Cookies gespeicherten und von diesen erhaltenen Informationen verkn\u00fcpft werden. Weitere Informationen dar\u00fcber, wie wir Ihre personenbezogenen Daten verwenden, speichern und sch\u00fctzen, finden Sie in unserer Datenschutzerkl\u00e4rung.<\/p><p>Wir speichern keine sensiblen personenbezogenen Daten wie Postanschriften, Kontopassw\u00f6rter usw. in den von uns verwendeten Cookies.<\/p><h4><strong>Interpretation und Definitionen<\/strong><\/h4><h5><strong>Interpretation<\/strong><\/h5><p>W\u00f6rter, die mit einem Gro\u00dfbuchstaben beginnen, haben unter den folgenden Bedingungen eine bestimmte Bedeutung. Die folgenden Definitionen gelten unabh\u00e4ngig davon, ob die W\u00f6rter im Singular oder Plural verwendet werden.<\/p><h4><strong>D\u00e9finitions<\/strong><\/h4><p>F\u00fcr die Zwecke dieser Cookie-Richtlinie :<\/p><ul><li>Das Unternehmen (in dieser Cookie-Richtlinie als \u201edas Unternehmen\u201c, \u201ewir\u201c, \u201euns\u201c oder \u201eunser\u201c bezeichnet) bezieht sich auf HAKINETV ONLINE<\/li><li>Cookies sind kleine Dateien, die von einer Website auf Ihrem Computer, Mobilger\u00e4t oder einem anderen Ger\u00e4t gespeichert werden und unter anderem Details zu Ihrem Browserverlauf auf dieser Website enthalten.<\/li><li>Die Website verweist auf HAKINETV ONLINE, erreichbar unter <strong><a href=\"https:\/\/deiptv.online\/en\/\">https:\/\/deiptv.online\/<\/a><\/strong><\/li><li>Sie beziehen sich gegebenenfalls auf die Person, die auf die Website zugreift oder sie nutzt, oder auf ein Unternehmen oder eine andere juristische Person, in deren Namen diese Person auf die Website zugreift oder sie nutzt.<\/li><\/ul><h4>Die Verwendung von Cookies<\/h4><h5>Arten von Cookies, die wir verwenden<\/h5><p>Cookies k\u00f6nnen entweder \u201epersistent\u201c oder \u201eSession-Cookies\u201c sein. Persistente Cookies verbleiben nach dem Abmelden auf Ihrem Computer oder Mobilger\u00e4t, w\u00e4hrend Session-Cookies gel\u00f6scht werden, sobald Sie Ihren Webbrowser schlie\u00dfen.<\/p><p>Wir verwenden Session- und persistente Cookies f\u00fcr die nachfolgend beschriebenen Zwecke:<\/p><ul><li><p><strong>Notwendige\/essenzielle Cookies<\/strong><\/p><p>Typ: Sitzungscookies<\/p><p>Verwaltet von: Uns<\/p><p>Zweck: Diese Cookies sind unerl\u00e4sslich, um Ihnen die auf der Website verf\u00fcgbaren Dienste bereitzustellen und Ihnen die Nutzung bestimmter Funktionen zu erm\u00f6glichen. Sie dienen der Authentifizierung von Nutzern und verhindern den betr\u00fcgerischen Missbrauch von Benutzerkonten. Ohne diese Cookies k\u00f6nnen die von Ihnen angeforderten Dienste nicht bereitgestellt werden. Wir verwenden diese Cookies ausschlie\u00dflich zu diesem Zweck.<\/p><p><strong>Funktionalit\u00e4tscookies<\/strong><\/p><\/li><li><p>Typ: Permanente Cookies<\/p><p>Verwaltet von: Uns<\/p><p>Zweck: Diese Cookies speichern Ihre Einstellungen auf unserer Website, z. B. Ihre Anmeldedaten oder Ihre bevorzugte Sprache. So k\u00f6nnen wir Ihnen ein personalisiertes Nutzererlebnis bieten und verhindern, dass Sie Ihre Einstellungen bei jedem Besuch erneut eingeben m\u00fcssen.<\/p><\/li><\/ul><h4>Ihre Auswahl bez\u00fcglich Cookies<\/h4><p>Wenn Sie die Verwendung von Cookies auf dieser Website vermeiden m\u00f6chten, m\u00fcssen Sie diese zun\u00e4chst in Ihren Browsereinstellungen deaktivieren und anschlie\u00dfend alle mit dieser Website verkn\u00fcpften Cookies in Ihrem Browser l\u00f6schen. Sie k\u00f6nnen diese Option jederzeit nutzen, um die Verwendung von Cookies zu verhindern.<\/p><p>Wenn Sie unsere Cookies nicht akzeptieren, kann dies die Nutzung der Website beeintr\u00e4chtigen und dazu f\u00fchren, dass einige Funktionen nicht ordnungsgem\u00e4\u00df funktionieren.<\/p><p>Informationen zum L\u00f6schen von Cookies oder zum Anweisen Ihres Browsers, Cookies zu l\u00f6schen oder abzulehnen, finden Sie in der Hilfe Ihres Browsers.<\/p><ul><li><p>F\u00fcr den Chrome-Webbrowser besuchen Sie bitte diese Google-Seite:<strong><span style=\"color: #ff9900;\">\u00a0<a href=\"https:\/\/support.google.com\/accounts\/answer\/32050\" target=\"_blank\" rel=\"noopener\">https:\/\/support.google.com\/accounts\/answer\/32050<\/a><\/span><\/strong><\/p><\/li><li><p>F\u00fcr den Internet Explorer-Webbrowser besuchen Sie bitte diese Microsoft-Seite : <strong><a href=\"http:\/\/support.microsoft.com\/kb\/278835\" target=\"_blank\" rel=\"noopener\">http:\/\/support.microsoft.com\/kb\/278835<\/a><\/strong><\/p><\/li><li><p>F\u00fcr den Firefox-Webbrowser besuchen Sie bitte diese Mozilla-Seite:<strong> <a href=\"https:\/\/support.mozilla.org\/en-US\/kb\/delete-cookies-remove-info-websites-stored\" target=\"_blank\" rel=\"noopener\">https:\/\/support.mozilla.org\/en-US\/kb\/delete-cookies-remove-info-websites-stored<\/a><\/strong><\/p><\/li><li><p>F\u00fcr den Safari-Webbrowser besuchen Sie bitte diese Apple-Seite: <strong><a href=\"https:\/\/support.apple.com\/guide\/safari\/manage-cookies-and-website-data-sfri11471\/mac\" target=\"_blank\" rel=\"noopener\">https:\/\/support.apple.com\/guide\/safari\/manage-cookies-and-website-data-sfri11471\/mac<\/a><\/strong><\/p><\/li><\/ul><p>F\u00fcr alle anderen Webbrowser besuchen Sie bitte die offiziellen Webseiten Ihres Webbrowsers.<\/p><h4>Kontaktieren Sie uns<\/h4><p>Wenn Sie Fragen zu dieser Cookie-Richtlinie haben, k\u00f6nnen Sie uns kontaktieren:<\/p><ul><li>E-mail : <strong><a href=\"mailto:contact@deiptv.online\">contact@deiptv.online<\/a><\/strong><\/li><\/ul>\t\t\t\t\t\t\t\t<\/div>\n\t\t\t\t\t<\/div>\n\t\t\t\t<\/div>\n\t\t\t\t<\/div>","protected":false},"excerpt":{"rendered":"<p>Cookie-Richtlinie Heim \/ Cookie-Richtlinie Cookie-Richtlinie Diese Cookie-Richtlinie erkl\u00e4rt, was Cookies sind und wie wir sie verwenden. Bitte lesen Sie diese Richtlinie, um zu verstehen, welche Arten von Cookies wir verwenden, welche Informationen wir mithilfe von Cookies sammeln und wie diese Informationen verwendet werden. Cookies enthalten in der Regel keine Informationen, die einen Nutzer pers\u00f6nlich identifizieren. [&hellip;]<\/p>\n","protected":false},"author":1,"featured_media":0,"parent":0,"menu_order":0,"comment_status":"closed","ping_status":"closed","template":"","meta":{"_monsterinsights_skip_tracking":false,"_monsterinsights_sitenote_active":false,"_monsterinsights_sitenote_note":"","_monsterinsights_sitenote_category":0,"footnotes":""},"class_list":["post-1230","page","type-page","status-publish","hentry"],"_links":{"self":[{"href":"https:\/\/deiptv.online\/en\/wp-json\/wp\/v2\/pages\/1230","targetHints":{"allow":["GET"]}}],"collection":[{"href":"https:\/\/deiptv.online\/en\/wp-json\/wp\/v2\/pages"}],"about":[{"href":"https:\/\/deiptv.online\/en\/wp-json\/wp\/v2\/types\/page"}],"author":[{"embeddable":true,"href":"https:\/\/deiptv.online\/en\/wp-json\/wp\/v2\/users\/1"}],"replies":[{"embeddable":true,"href":"https:\/\/deiptv.online\/en\/wp-json\/wp\/v2\/comments?post=1230"}],"version-history":[{"count":4,"href":"https:\/\/deiptv.online\/en\/wp-json\/wp\/v2\/pages\/1230\/revisions"}],"predecessor-version":[{"id":1234,"href":"https:\/\/deiptv.online\/en\/wp-json\/wp\/v2\/pages\/1230\/revisions\/1234"}],"wp:attachment":[{"href":"https:\/\/deiptv.online\/en\/wp-json\/wp\/v2\/media?parent=1230"}],"curies":[{"name":"wp","href":"https:\/\/api.w.org\/{rel}","templated":true}]}}