{"id":445,"date":"2025-11-28T21:47:02","date_gmt":"2025-11-28T20:47:02","guid":{"rendered":"https:\/\/deiptv.online\/?page_id=445"},"modified":"2026-01-09T13:40:19","modified_gmt":"2026-01-09T12:40:19","slug":"gdpr","status":"publish","type":"page","link":"https:\/\/deiptv.online\/gdpr\/","title":{"rendered":"GDPR"},"content":{"rendered":"<style>.elementor-445 .elementor-element.elementor-element-456cae1{--display:flex;--flex-direction:row;--container-widget-width:initial;--container-widget-height:100%;--container-widget-flex-grow:1;--container-widget-align-self:stretch;--flex-wrap-mobile:wrap;--margin-top:0px;--margin-bottom:30px;--margin-left:0px;--margin-right:0px;--padding-top:0px;--padding-bottom:0px;--padding-left:30px;--padding-right:30px;}.elementor-445 .elementor-element.elementor-element-1dce3f2{--display:flex;--align-items:center;--container-widget-width:calc( ( 1 - var( --container-widget-flex-grow ) ) * 100% );--gap:120px 0px;--row-gap:120px;--column-gap:0px;--overflow:hidden;--overlay-opacity:0.3;border-style:solid;--border-style:solid;border-width:1px 1px 1px 1px;--border-top-width:1px;--border-right-width:1px;--border-bottom-width:1px;--border-left-width:1px;border-color:var( --e-global-color-bcf4dba );--border-color:var( --e-global-color-bcf4dba );--border-radius:25px 25px 25px 25px;--padding-top:0px;--padding-bottom:0px;--padding-left:0px;--padding-right:0px;}.elementor-445 .elementor-element.elementor-element-1dce3f2:not(.elementor-motion-effects-element-type-background), .elementor-445 .elementor-element.elementor-element-1dce3f2 > .elementor-motion-effects-container > .elementor-motion-effects-layer{background-color:transparent;background-image:radial-gradient(at top left, var( --e-global-color-bcf4dba ) 0%, var( --e-global-color-147d839 ) 50%);}.elementor-445 .elementor-element.elementor-element-1dce3f2::before, .elementor-445 .elementor-element.elementor-element-1dce3f2 > .elementor-background-video-container::before, .elementor-445 .elementor-element.elementor-element-1dce3f2 > .e-con-inner > .elementor-background-video-container::before, .elementor-445 .elementor-element.elementor-element-1dce3f2 > .elementor-background-slideshow::before, .elementor-445 .elementor-element.elementor-element-1dce3f2 > .e-con-inner > .elementor-background-slideshow::before, .elementor-445 .elementor-element.elementor-element-1dce3f2 > .elementor-motion-effects-container > .elementor-motion-effects-layer::before{--background-overlay:'';background-image:url(\"https:\/\/deiptv.online\/wp-content\/uploads\/2025\/11\/regular-square-grids-4AL3FJ8.png\");background-position:center center;background-repeat:no-repeat;background-size:cover;}.elementor-445 .elementor-element.elementor-element-f6b00d5{--display:flex;--align-items:center;--container-widget-width:calc( ( 1 - var( --container-widget-flex-grow ) ) * 100% );--gap:120px 0px;--row-gap:120px;--column-gap:0px;--overlay-opacity:0.2;--padding-top:100px;--padding-bottom:100px;--padding-left:20px;--padding-right:20px;}.elementor-445 .elementor-element.elementor-element-f6b00d5::before, .elementor-445 .elementor-element.elementor-element-f6b00d5 > .elementor-background-video-container::before, .elementor-445 .elementor-element.elementor-element-f6b00d5 > .e-con-inner > .elementor-background-video-container::before, .elementor-445 .elementor-element.elementor-element-f6b00d5 > .elementor-background-slideshow::before, .elementor-445 .elementor-element.elementor-element-f6b00d5 > .e-con-inner > .elementor-background-slideshow::before, .elementor-445 .elementor-element.elementor-element-f6b00d5 > .elementor-motion-effects-container > .elementor-motion-effects-layer::before{--background-overlay:'';background-color:transparent;background-image:radial-gradient(at bottom center, var( --e-global-color-e850821 ) 0%, var( --e-global-color-b9ab9b6 ) 50%);}.elementor-445 .elementor-element.elementor-element-fe2c742{--display:flex;}.elementor-445 .elementor-element.elementor-element-de8871a{text-align:center;}.elementor-445 .elementor-element.elementor-element-128c5c6{text-align:center;}.elementor-445 .elementor-element.elementor-element-128c5c6 p{margin-block-end:0px;}.elementor-445 .elementor-element.elementor-element-aa6d75e{--display:flex;--overflow:hidden;}:root{--page-title-display:none;}@media(max-width:1024px){.elementor-445 .elementor-element.elementor-element-456cae1{--padding-top:0px;--padding-bottom:0px;--padding-left:20px;--padding-right:20px;}}@media(max-width:767px){.elementor-445 .elementor-element.elementor-element-f6b00d5{--padding-top:50px;--padding-bottom:50px;--padding-left:20px;--padding-right:20px;}.elementor-445 .elementor-element.elementor-element-aa6d75e{--content-width:100%;}.elementor-445 .elementor-element.elementor-element-a245664{padding:2% 0% 15% 2%;}}<\/style>\t\t<div data-elementor-type=\"wp-page\" data-elementor-id=\"445\" class=\"elementor elementor-445\" data-elementor-post-type=\"page\">\n\t\t\t\t<div class=\"elementor-element elementor-element-456cae1 e-con-full e-flex e-con e-parent\" data-id=\"456cae1\" data-element_type=\"container\" data-e-type=\"container\">\n\t\t<div class=\"elementor-element elementor-element-1dce3f2 e-con-full e-flex e-con e-child\" data-id=\"1dce3f2\" data-element_type=\"container\" data-e-type=\"container\" data-settings=\"{&quot;background_background&quot;:&quot;gradient&quot;}\">\n\t\t<div class=\"elementor-element elementor-element-f6b00d5 e-con-full e-flex e-con e-child\" data-id=\"f6b00d5\" data-element_type=\"container\" data-e-type=\"container\">\n\t\t<div class=\"elementor-element elementor-element-fe2c742 e-con-full e-flex e-con e-child\" data-id=\"fe2c742\" data-element_type=\"container\" data-e-type=\"container\">\n\t\t\t\t<div class=\"elementor-element elementor-element-de8871a elementor-widget elementor-widget-heading\" data-id=\"de8871a\" data-element_type=\"widget\" data-e-type=\"widget\" data-widget_type=\"heading.default\">\n\t\t\t\t\t<h1 class=\"elementor-heading-title elementor-size-default\">Datenschutzerkl\u00e4rung<\/h1>\t\t\t\t<\/div>\n\t\t\t\t<div class=\"elementor-element elementor-element-128c5c6 elementor-widget elementor-widget-text-editor\" data-id=\"128c5c6\" data-element_type=\"widget\" data-e-type=\"widget\" data-widget_type=\"text-editor.default\">\n\t\t\t\t\t\t\t\t\t<p><a href=\"\/en\/\">Heim<\/a> \/ Datenschutzerkl\u00e4rung<\/p>\t\t\t\t\t\t\t\t<\/div>\n\t\t\t\t<\/div>\n\t\t\t\t<\/div>\n\t\t\t\t<\/div>\n\t\t\t\t<\/div>\n\t\t<div class=\"elementor-element elementor-element-aa6d75e e-flex e-con-boxed e-con e-parent\" data-id=\"aa6d75e\" data-element_type=\"container\" data-e-type=\"container\">\n\t\t\t\t\t<div class=\"e-con-inner\">\n\t\t\t\t<div class=\"elementor-element elementor-element-a245664 elementor-widget elementor-widget-text-editor\" data-id=\"a245664\" data-element_type=\"widget\" data-e-type=\"widget\" data-widget_type=\"text-editor.default\">\n\t\t\t\t\t\t\t\t\t<h4 style=\"text-align: center;\"><strong>Datenschutzrichtlinie<\/strong><\/h4><div><strong>Einf\u00fchrung<\/strong><\/div><div>\u00a0<\/div><div>Angesichts der Entwicklung neuer Kommunikationsmittel ist es unerl\u00e4sslich, dem Schutz der Privatsph\u00e4re besondere Aufmerksamkeit zu widmen. Daher verpflichten wir uns, die Vertraulichkeit der von uns erhobenen personenbezogenen Daten zu wahren.<\/div><div>\u00a0<\/div><h4><strong>Erhebung personenbezogener Daten<\/strong><\/h4><div>\u00a0<\/div><div><ul><li>E-Mail-Adresse<\/li><\/ul><\/div><div>\u00a0<\/div><div>Die von uns erfassten personenbezogenen Daten werden \u00fcber Formulare und durch die Interaktion zwischen Ihnen und unserer Website erhoben. Wir verwenden au\u00dferdem Cookies und\/oder Logdateien, wie im folgenden Abschnitt beschrieben, um Informationen \u00fcber Sie zu sammeln.<\/div><div>\u00a0<\/div><h4><strong>Formen und Interaktivit\u00e4t:<\/strong><\/h4><div>Ihre pers\u00f6nlichen Daten werden \u00fcber Formulare erfasst, n\u00e4mlich:<\/div><div>\u00a0<\/div><div><ul><li>Bestellformular<\/li><\/ul><\/div><div>\u00a0<\/div><div>Wir verwenden die gesammelten Informationen f\u00fcr folgende Zwecke:<\/div><div>\u00a0<\/div><div><div id=\"tw-container\" class=\"nev7se\" data-cp=\"1\" data-nnttsvi=\"1\" data-sletp=\"false\" data-sm=\"1\" data-ssbp=\"true\" data-sugg-time=\"500\" data-sugg-url=\"https:\/\/clients1.google.com\/complete\/search\" data-uilc=\"en\" data-vil=\",af,af-ZA,am,am-ET,ar-EG,ar-AE,ar-KW,ar-QA,ar,ar-IL,ar-JO,ar-LB,ar-PS,az,az-AZ,bg,bg-BG,bn,bn-BD,bn-IN,ca,ca-es,cs,cs-CZ,de,de-DE,de-CH,de-AT,de-LI,en,en-US,en-CA,en-AU,en-NZ,en-GB,en-IN,en-KE,en-TZ,en-NG,en-GH,en-PH,en-ZA,es,es-ES,es-AR,es-UY,es-419,es-BO,es-CL,es-CR,es-CO,es-DO,es-EC,es-GT,es-HN,es-NI,es-PA,es-PE,es-PR,es-PY,es-SV,es-VE,es-MX,es-US,eu,eu-ES,fi,fi-FI,fr,fr-FR,fr-CH,fr-BE,gl,gl-ES,gu,gu-IN,he,he-IL,iw,iw-IL,hu,hu-HU,hy,hy-AM,id,id-ID,is,is-IS,it,it-IT,it-CH,ja,ja-JP,jv,jv-ID,ka,ka-GE,km,km-KH,kn,kn-IN,ko,ko-KR,la,lo,lo-LA,lv,lv-LV,ml,ml-IN,mr,mr-IN,ms,ms-MY,nl,nl-NL,nb,nb-NO,ne,ne-NP,pl,pl-PL,pt,pt-BR,pt-PT,ro,ro-RO,ru,ru-RU,si-LK,sk,sk-SK,sr,sr-RS,su,su-ID,sv,sv-SE,sw,sw-TZ,sw-KE,ta,ta-IN,ta-SG,ta-LK,ta-MY,te,te-IN,tr,tr-TR,ur,ur-PK,ur-IN,yue,yue-HK,yue-Hant-HK,zh-HK,zh,zh-CN,zh-cmn,zh-cmn-CN,zh-Hans,zh-Hans-CN,zh-cmn-Hans,zh-cmn-Hans-CN,cmn-CN,cmn-Hans,cmn-Hans-CN,zh-TW,zh-Hant-TW,cmn-TW,cmn-Hant-TW,zh-cmn-TW,zh-cmn-Hant-TW,zu,zu-ZA,hi,hi-IN,tl,tl-PH,pa,pa-IN\"><div><div><div id=\"tw-ob\" class=\"tw-src-ltr\"><div class=\"oSioSc\"><div id=\"tw-target\"><div id=\"kAz1tf\" class=\"g9WsWb PZPZlf\" data-attrid=\"tw-targetArea\" data-entityname=\"Google Translate\"><div id=\"tw-target-text-container\" class=\"tw-ta-container tw-nfl\" tabindex=\"0\" role=\"text\"><ul><li id=\"tw-target-text\" class=\"tw-data-text tw-text-large tw-ta\" dir=\"ltr\" tabindex=\"-1\" role=\"text\" data-placeholder=\"Translation\" data-ved=\"2ahUKEwjtosPNrP6RAxWHhf0HHet4MPMQ3ewLegQIDRAW\" aria-label=\"Translated text: Auftragsverfolgung\"><span class=\"Y2IQFc\" lang=\"de\">Auftragsverfolgung<\/span><\/li><li class=\"tw-data-text tw-text-large tw-ta\" dir=\"ltr\" tabindex=\"-1\" role=\"text\" data-placeholder=\"Translation\" data-ved=\"2ahUKEwjtosPNrP6RAxWHhf0HHet4MPMQ3ewLegQIDRAW\" aria-label=\"Translated text: Auftragsverfolgung\">Informationen \/ Werbeangebote<\/li><li class=\"tw-data-text tw-text-large tw-ta\" dir=\"ltr\" tabindex=\"-1\" role=\"text\" data-placeholder=\"Translation\" data-ved=\"2ahUKEwjtosPNrP6RAxWHhf0HHet4MPMQ3ewLegQIDRAW\" aria-label=\"Translated text: Auftragsverfolgung\">Statistiken<\/li><li class=\"tw-data-text tw-text-large tw-ta\" dir=\"ltr\" tabindex=\"-1\" role=\"text\" data-placeholder=\"Translation\" data-ved=\"2ahUKEwjtosPNrP6RAxWHhf0HHet4MPMQ3ewLegQIDRAW\" aria-label=\"Translated text: Auftragsverfolgung\">Kontakt<\/li><\/ul><\/div><\/div><\/div><\/div><\/div><\/div><\/div><\/div><\/div><div>\u00a0<\/div><div>Ihre Daten werden auch im Rahmen der Interaktion zwischen Ihnen und unserer Website auf folgende Weise erfasst:<\/div><div>\u00a0<\/div><div>\u00a0<\/div><div>Wir verwenden die gesammelten Informationen f\u00fcr folgende Zwecke:<\/div><div>\u00a0<\/div><div><ul><li>Informations- oder Werbeangebote<\/li><li>Statistiken<\/li><li>Contact<\/li><\/ul><\/div><div>\u00a0<\/div><h4><strong>Widerspruchsrecht und Widerrufsrecht<\/strong><\/h4><div><p>Wir verpflichten uns, Ihnen das Recht einzur\u00e4umen, der Verarbeitung Ihrer personenbezogenen Daten zu widersprechen und diese zu l\u00f6schen.<\/p><p>Das Widerspruchsrecht bedeutet, dass Sie der Verwendung Ihrer personenbezogenen Daten f\u00fcr bestimmte, zum Zeitpunkt der Erhebung festgelegte Zwecke widersprechen k\u00f6nnen.<\/p><p>Das Widerrufsrecht bedeutet, dass Sie die L\u00f6schung Ihrer personenbezogenen Daten verlangen k\u00f6nnen, beispielsweise aus einer Mailingliste.<\/p><\/div><div>\u00a0<\/div><h4><strong>Zugangsrecht<\/strong><\/h4><div>Wir verpflichten uns, das Recht auf Auskunft und Berichtigung f\u00fcr Personen anzuerkennen, die Informationen \u00fcber sich einsehen, \u00e4ndern oder auch l\u00f6schen m\u00f6chten.<\/div><div>\u00a0<\/div><h4><strong>Sicherheit<\/strong><\/h4><div><p>Die von uns erhobenen personenbezogenen Daten werden in einer sicheren Umgebung gespeichert. Unsere Mitarbeiter sind zur Vertraulichkeit Ihrer Daten verpflichtet.<\/p><p>Um die Sicherheit Ihrer personenbezogenen Daten zu gew\u00e4hrleisten, setzen wir folgende Ma\u00dfnahmen ein:<\/p><\/div><div>\u00a0<\/div><div><ul><li>SSL-Protokoll<\/li><li>Computersicherung<\/li><\/ul><\/div><div>\u00a0<\/div><div>Wir legen gr\u00f6\u00dften Wert auf Vertraulichkeit und setzen daher modernste Technologien ein, um die Privatsph\u00e4re Ihrer Transaktionen zu gew\u00e4hrleisten. Da jedoch kein Mechanismus absolute Sicherheit bietet, besteht bei der \u00dcbermittlung pers\u00f6nlicher Daten \u00fcber das Internet stets ein gewisses Risiko.<\/div><div>\u00a0<\/div><h4><strong>KONTAKTIEREN SIE UNS<\/strong><\/h4><ul><li>E-mail : <a href=\"mailto:contact@deiptv.online\">contact@deiptv.online<\/a><\/li><\/ul>\t\t\t\t\t\t\t\t<\/div>\n\t\t\t\t\t<\/div>\n\t\t\t\t<\/div>\n\t\t\t\t<\/div>","protected":false},"excerpt":{"rendered":"<p>Datenschutzerkl\u00e4rung Heim \/ Datenschutzerkl\u00e4rung Datenschutzrichtlinie Einf\u00fchrung\u00a0Angesichts der Entwicklung neuer Kommunikationsmittel ist es unerl\u00e4sslich, dem Schutz der Privatsph\u00e4re besondere Aufmerksamkeit zu widmen. Daher verpflichten wir uns, die Vertraulichkeit der von uns erhobenen personenbezogenen Daten zu wahren.\u00a0 Erhebung personenbezogener Daten \u00a0 E-Mail-Adresse \u00a0Die von uns erfassten personenbezogenen Daten werden \u00fcber Formulare und durch die Interaktion zwischen Ihnen [&hellip;]<\/p>\n","protected":false},"author":1,"featured_media":0,"parent":0,"menu_order":0,"comment_status":"closed","ping_status":"closed","template":"","meta":{"_monsterinsights_skip_tracking":false,"_monsterinsights_sitenote_active":false,"_monsterinsights_sitenote_note":"","_monsterinsights_sitenote_category":0,"footnotes":""},"class_list":["post-445","page","type-page","status-publish","hentry"],"_links":{"self":[{"href":"https:\/\/deiptv.online\/en\/wp-json\/wp\/v2\/pages\/445","targetHints":{"allow":["GET"]}}],"collection":[{"href":"https:\/\/deiptv.online\/en\/wp-json\/wp\/v2\/pages"}],"about":[{"href":"https:\/\/deiptv.online\/en\/wp-json\/wp\/v2\/types\/page"}],"author":[{"embeddable":true,"href":"https:\/\/deiptv.online\/en\/wp-json\/wp\/v2\/users\/1"}],"replies":[{"embeddable":true,"href":"https:\/\/deiptv.online\/en\/wp-json\/wp\/v2\/comments?post=445"}],"version-history":[{"count":15,"href":"https:\/\/deiptv.online\/en\/wp-json\/wp\/v2\/pages\/445\/revisions"}],"predecessor-version":[{"id":1220,"href":"https:\/\/deiptv.online\/en\/wp-json\/wp\/v2\/pages\/445\/revisions\/1220"}],"wp:attachment":[{"href":"https:\/\/deiptv.online\/en\/wp-json\/wp\/v2\/media?parent=445"}],"curies":[{"name":"wp","href":"https:\/\/api.w.org\/{rel}","templated":true}]}}